{"id":1573,"date":"2020-11-04T11:43:45","date_gmt":"2020-11-04T10:43:45","guid":{"rendered":"https:\/\/mariejeanneswing.com\/?page_id=1573"},"modified":"2025-02-04T13:54:17","modified_gmt":"2025-02-04T12:54:17","slug":"agenda-3","status":"publish","type":"page","link":"https:\/\/mariejeanneswing.com\/en\/agenda-3\/","title":{"rendered":"Agenda"},"content":{"rendered":"\t\t<div data-elementor-type=\"wp-page\" data-elementor-id=\"1573\" class=\"elementor elementor-1573\" data-elementor-post-type=\"page\">\n\t\t\t\t\t\t<section class=\"has_eae_slider elementor-section elementor-top-section elementor-element elementor-element-8af6c6d elementor-section-full_width elementor-section-height-default elementor-section-height-default elementor-invisible\" data-id=\"8af6c6d\" data-element_type=\"section\" data-e-type=\"section\" data-settings=\"{&quot;background_background&quot;:&quot;classic&quot;,&quot;animation&quot;:&quot;fadeIn&quot;}\">\n\t\t\t\t\t\t<div class=\"elementor-container elementor-column-gap-default\">\n\t\t\t\t\t<div class=\"has_eae_slider elementor-column elementor-col-100 elementor-top-column elementor-element elementor-element-b1d35a4\" data-id=\"b1d35a4\" data-element_type=\"column\" data-e-type=\"column\" data-settings=\"{&quot;background_background&quot;:&quot;classic&quot;}\">\n\t\t\t<div class=\"elementor-widget-wrap elementor-element-populated\">\n\t\t\t\t\t\t<div class=\"elementor-element elementor-element-730e8dc elementor-widget elementor-widget-spacer\" data-id=\"730e8dc\" data-element_type=\"widget\" data-e-type=\"widget\" data-widget_type=\"spacer.default\">\n\t\t\t\t<div class=\"elementor-widget-container\">\n\t\t\t\t\t\t\t<div class=\"elementor-spacer\">\n\t\t\t<div class=\"elementor-spacer-inner\"><\/div>\n\t\t<\/div>\n\t\t\t\t\t\t<\/div>\n\t\t\t\t<\/div>\n\t\t\t\t<div class=\"elementor-element elementor-element-33393b2 elementor-widget elementor-widget-spacer\" data-id=\"33393b2\" data-element_type=\"widget\" data-e-type=\"widget\" data-widget_type=\"spacer.default\">\n\t\t\t\t<div class=\"elementor-widget-container\">\n\t\t\t\t\t\t\t<div class=\"elementor-spacer\">\n\t\t\t<div class=\"elementor-spacer-inner\"><\/div>\n\t\t<\/div>\n\t\t\t\t\t\t<\/div>\n\t\t\t\t<\/div>\n\t\t\t\t\t<\/div>\n\t\t<\/div>\n\t\t\t\t\t<\/div>\n\t\t<\/section>\n\t\t\t\t<section class=\"has_eae_slider elementor-section elementor-top-section elementor-element elementor-element-441a3cf elementor-section-stretched elementor-section-boxed elementor-section-height-default elementor-section-height-default\" data-id=\"441a3cf\" data-element_type=\"section\" data-e-type=\"section\" data-settings=\"{&quot;stretch_section&quot;:&quot;section-stretched&quot;,&quot;background_background&quot;:&quot;classic&quot;,&quot;animation&quot;:&quot;none&quot;}\">\n\t\t\t\t\t\t<div class=\"elementor-container elementor-column-gap-default\">\n\t\t\t\t\t<div class=\"has_eae_slider elementor-column elementor-col-100 elementor-top-column elementor-element elementor-element-a06092b\" data-id=\"a06092b\" data-element_type=\"column\" data-e-type=\"column\" data-settings=\"{&quot;background_background&quot;:&quot;classic&quot;,&quot;animation&quot;:&quot;none&quot;}\">\n\t\t\t<div class=\"elementor-widget-wrap elementor-element-populated\">\n\t\t\t\t\t\t<div class=\"elementor-element elementor-element-e0868cd elementor-widget elementor-widget-spacer\" data-id=\"e0868cd\" data-element_type=\"widget\" data-e-type=\"widget\" data-widget_type=\"spacer.default\">\n\t\t\t\t<div class=\"elementor-widget-container\">\n\t\t\t\t\t\t\t<div class=\"elementor-spacer\">\n\t\t\t<div class=\"elementor-spacer-inner\"><\/div>\n\t\t<\/div>\n\t\t\t\t\t\t<\/div>\n\t\t\t\t<\/div>\n\t\t\t\t<div class=\"elementor-element elementor-element-bfe95e6 elementor-invisible elementor-widget elementor-widget-breadcrumbs\" data-id=\"bfe95e6\" data-element_type=\"widget\" data-e-type=\"widget\" data-settings=\"{&quot;_animation&quot;:&quot;fadeIn&quot;}\" data-widget_type=\"breadcrumbs.default\">\n\t\t\t\t<div class=\"elementor-widget-container\">\n\t\t\t\t\t<p id=\"breadcrumbs\"><span><span><a href=\"https:\/\/mariejeanneswing.com\/en\/\">Accueil<\/a><\/span><\/span><\/p>\t\t\t\t<\/div>\n\t\t\t\t<\/div>\n\t\t\t\t<div class=\"elementor-element elementor-element-4d12b75 elementor-widget elementor-widget-spacer\" data-id=\"4d12b75\" data-element_type=\"widget\" data-e-type=\"widget\" data-widget_type=\"spacer.default\">\n\t\t\t\t<div class=\"elementor-widget-container\">\n\t\t\t\t\t\t\t<div class=\"elementor-spacer\">\n\t\t\t<div class=\"elementor-spacer-inner\"><\/div>\n\t\t<\/div>\n\t\t\t\t\t\t<\/div>\n\t\t\t\t<\/div>\n\t\t\t\t\t<\/div>\n\t\t<\/div>\n\t\t\t\t\t<\/div>\n\t\t<\/section>\n\t\t\t\t<section class=\"has_eae_slider elementor-section elementor-top-section elementor-element elementor-element-b5dc716 elementor-section-stretched elementor-section-full_width elementor-section-height-default elementor-section-height-default elementor-invisible\" data-id=\"b5dc716\" data-element_type=\"section\" data-e-type=\"section\" data-settings=\"{&quot;stretch_section&quot;:&quot;section-stretched&quot;,&quot;background_background&quot;:&quot;classic&quot;,&quot;animation&quot;:&quot;fadeInDown&quot;}\">\n\t\t\t\t\t\t<div class=\"elementor-container elementor-column-gap-default\">\n\t\t\t\t\t<div class=\"has_eae_slider elementor-column elementor-col-33 elementor-top-column elementor-element elementor-element-43cdf0e elementor-invisible\" data-id=\"43cdf0e\" data-element_type=\"column\" data-e-type=\"column\" data-settings=\"{&quot;background_background&quot;:&quot;classic&quot;,&quot;animation&quot;:&quot;fadeInLeft&quot;}\">\n\t\t\t<div class=\"elementor-widget-wrap\">\n\t\t\t\t\t\t\t<\/div>\n\t\t<\/div>\n\t\t\t\t<div class=\"has_eae_slider elementor-column elementor-col-33 elementor-top-column elementor-element elementor-element-95910dc\" data-id=\"95910dc\" data-element_type=\"column\" data-e-type=\"column\" data-settings=\"{&quot;background_background&quot;:&quot;classic&quot;}\">\n\t\t\t<div class=\"elementor-widget-wrap elementor-element-populated\">\n\t\t\t\t\t\t<div class=\"elementor-element elementor-element-94770df elementor-widget elementor-widget-heading\" data-id=\"94770df\" data-element_type=\"widget\" data-e-type=\"widget\" data-widget_type=\"heading.default\">\n\t\t\t\t<div class=\"elementor-widget-container\">\n\t\t\t\t\t<h1 class=\"elementor-heading-title elementor-size-default\">Agenda<\/h1>\t\t\t\t<\/div>\n\t\t\t\t<\/div>\n\t\t\t\t<div class=\"elementor-element elementor-element-d0c5e1c elementor-widget-divider--view-line elementor-widget elementor-widget-divider\" data-id=\"d0c5e1c\" data-element_type=\"widget\" data-e-type=\"widget\" data-widget_type=\"divider.default\">\n\t\t\t\t<div class=\"elementor-widget-container\">\n\t\t\t\t\t\t\t<div class=\"elementor-divider\">\n\t\t\t<span class=\"elementor-divider-separator\">\n\t\t\t\t\t\t<\/span>\n\t\t<\/div>\n\t\t\t\t\t\t<\/div>\n\t\t\t\t<\/div>\n\t\t\t\t<div class=\"elementor-element elementor-element-d993a0e elementor-widget elementor-widget-spacer\" data-id=\"d993a0e\" data-element_type=\"widget\" data-e-type=\"widget\" data-widget_type=\"spacer.default\">\n\t\t\t\t<div class=\"elementor-widget-container\">\n\t\t\t\t\t\t\t<div class=\"elementor-spacer\">\n\t\t\t<div class=\"elementor-spacer-inner\"><\/div>\n\t\t<\/div>\n\t\t\t\t\t\t<\/div>\n\t\t\t\t<\/div>\n\t\t\t\t\t<\/div>\n\t\t<\/div>\n\t\t\t\t<div class=\"has_eae_slider elementor-column elementor-col-33 elementor-top-column elementor-element elementor-element-841f74b elementor-invisible\" data-id=\"841f74b\" data-element_type=\"column\" data-e-type=\"column\" data-settings=\"{&quot;background_background&quot;:&quot;classic&quot;,&quot;animation&quot;:&quot;fadeInRight&quot;}\">\n\t\t\t<div class=\"elementor-widget-wrap\">\n\t\t\t\t\t\t\t<\/div>\n\t\t<\/div>\n\t\t\t\t\t<\/div>\n\t\t<\/section>\n\t\t\t\t<section class=\"has_eae_slider elementor-section elementor-top-section elementor-element elementor-element-625a70f elementor-section-boxed elementor-section-height-default elementor-section-height-default\" data-id=\"625a70f\" data-element_type=\"section\" data-e-type=\"section\">\n\t\t\t\t\t\t<div class=\"elementor-container elementor-column-gap-default\">\n\t\t\t\t\t<div class=\"has_eae_slider elementor-column elementor-col-100 elementor-top-column elementor-element elementor-element-85774ad\" data-id=\"85774ad\" data-element_type=\"column\" data-e-type=\"column\">\n\t\t\t<div class=\"elementor-widget-wrap elementor-element-populated\">\n\t\t\t\t\t\t<div class=\"elementor-element elementor-element-155be5b elementor-widget elementor-widget-text-editor\" data-id=\"155be5b\" data-element_type=\"widget\" data-e-type=\"widget\" data-widget_type=\"text-editor.default\">\n\t\t\t\t<div class=\"elementor-widget-container\">\n\t\t\t\t\t\t\t\t\t<p>L&#8217;agenda revient bient\u00f4t sous une nouvelle forme&#8230;<\/p>\t\t\t\t\t\t\t\t<\/div>\n\t\t\t\t<\/div>\n\t\t\t\t\t<\/div>\n\t\t<\/div>\n\t\t\t\t\t<\/div>\n\t\t<\/section>\n\t\t\t\t<\/div>\n\t\t","protected":false},"excerpt":{"rendered":"<p>Agenda L&#8217;agenda revient bient\u00f4t sous une nouvelle forme&#8230;<\/p>\n","protected":false},"author":1,"featured_media":0,"parent":0,"menu_order":0,"comment_status":"closed","ping_status":"closed","template":"elementor_header_footer","meta":{"footnotes":""},"class_list":["post-1573","page","type-page","status-publish","hentry"],"yoast_head":"<!-- This site is optimized with the Yoast SEO plugin v27.4 - https:\/\/yoast.com\/product\/yoast-seo-wordpress\/ -->\n<title>Agenda - Marie Jeanne Swing, jazzy music band in Montpellier<\/title>\n<meta name=\"description\" content=\"Discover our in our agenda, the concerts and dates of Marie Jeanne Swing performances. We would be delighted to see you there.\" \/>\n<meta name=\"robots\" content=\"index, follow, max-snippet:-1, max-image-preview:large, max-video-preview:-1\" \/>\n<link rel=\"canonical\" href=\"https:\/\/mariejeanneswing.com\/en\/agenda-3\/\" \/>\n<meta property=\"og:locale\" content=\"en_US\" \/>\n<meta property=\"og:type\" content=\"article\" \/>\n<meta property=\"og:title\" content=\"Agenda - Marie Jeanne Swing, jazzy music band in Montpellier\" \/>\n<meta property=\"og:description\" content=\"Discover our in our agenda, the concerts and dates of Marie Jeanne Swing performances. We would be delighted to see you there.\" \/>\n<meta property=\"og:url\" content=\"https:\/\/mariejeanneswing.com\/agenda-3\/\" \/>\n<meta property=\"og:site_name\" content=\"Marie Jeanne Swing\" \/>\n<meta property=\"article:publisher\" content=\"https:\/\/www.facebook.com\/Marie-Jeanne-Swing-285678438850973\/\" \/>\n<meta property=\"article:modified_time\" content=\"2025-02-04T12:54:17+00:00\" \/>\n<meta name=\"twitter:card\" content=\"summary_large_image\" \/>\n<meta name=\"twitter:label1\" content=\"Est. reading time\" \/>\n\t<meta name=\"twitter:data1\" content=\"1 minute\" \/>\n<script type=\"application\/ld+json\" class=\"yoast-schema-graph\">{\"@context\":\"https:\\\/\\\/schema.org\",\"@graph\":[{\"@type\":\"WebPage\",\"@id\":\"https:\\\/\\\/mariejeanneswing.com\\\/agenda-3\\\/\",\"url\":\"https:\\\/\\\/mariejeanneswing.com\\\/agenda-3\\\/\",\"name\":\"Agenda - Marie Jeanne Swing, jazzy music band in Montpellier\",\"isPartOf\":{\"@id\":\"https:\\\/\\\/mariejeanneswing.com\\\/#website\"},\"datePublished\":\"2020-11-04T10:43:45+00:00\",\"dateModified\":\"2025-02-04T12:54:17+00:00\",\"description\":\"Discover our in our agenda, the concerts and dates of Marie Jeanne Swing performances. We would be delighted to see you there.\",\"breadcrumb\":{\"@id\":\"https:\\\/\\\/mariejeanneswing.com\\\/agenda-3\\\/#breadcrumb\"},\"inLanguage\":\"en-US\",\"potentialAction\":[{\"@type\":\"ReadAction\",\"target\":[\"https:\\\/\\\/mariejeanneswing.com\\\/agenda-3\\\/\"]}]},{\"@type\":\"BreadcrumbList\",\"@id\":\"https:\\\/\\\/mariejeanneswing.com\\\/agenda-3\\\/#breadcrumb\",\"itemListElement\":[{\"@type\":\"ListItem\",\"position\":1,\"name\":\"Accueil\",\"item\":\"https:\\\/\\\/mariejeanneswing.com\\\/en\\\/\"},{\"@type\":\"ListItem\",\"position\":2,\"name\":\"Agenda\"}]},{\"@type\":\"WebSite\",\"@id\":\"https:\\\/\\\/mariejeanneswing.com\\\/#website\",\"url\":\"https:\\\/\\\/mariejeanneswing.com\\\/\",\"name\":\"Marie Jeanne Swing\",\"description\":\"Groupe de musique pour vos \u00e9v\u00e9nements professionnels et priv\u00e9s\",\"publisher\":{\"@id\":\"https:\\\/\\\/mariejeanneswing.com\\\/#organization\"},\"potentialAction\":[{\"@type\":\"SearchAction\",\"target\":{\"@type\":\"EntryPoint\",\"urlTemplate\":\"https:\\\/\\\/mariejeanneswing.com\\\/?s={search_term_string}\"},\"query-input\":{\"@type\":\"PropertyValueSpecification\",\"valueRequired\":true,\"valueName\":\"search_term_string\"}}],\"inLanguage\":\"en-US\"},{\"@type\":\"Organization\",\"@id\":\"https:\\\/\\\/mariejeanneswing.com\\\/#organization\",\"name\":\"Marie Jeanne Swing\",\"url\":\"https:\\\/\\\/mariejeanneswing.com\\\/\",\"logo\":{\"@type\":\"ImageObject\",\"inLanguage\":\"en-US\",\"@id\":\"https:\\\/\\\/mariejeanneswing.com\\\/#\\\/schema\\\/logo\\\/image\\\/\",\"url\":\"https:\\\/\\\/mariejeanneswing.com\\\/wp-content\\\/uploads\\\/2020\\\/05\\\/logo-mariejeanneswing-carr\u00e9-mixte.png\",\"contentUrl\":\"https:\\\/\\\/mariejeanneswing.com\\\/wp-content\\\/uploads\\\/2020\\\/05\\\/logo-mariejeanneswing-carr\u00e9-mixte.png\",\"width\":809,\"height\":685,\"caption\":\"Marie Jeanne Swing\"},\"image\":{\"@id\":\"https:\\\/\\\/mariejeanneswing.com\\\/#\\\/schema\\\/logo\\\/image\\\/\"},\"sameAs\":[\"https:\\\/\\\/www.facebook.com\\\/Marie-Jeanne-Swing-285678438850973\\\/\",\"https:\\\/\\\/www.youtube.com\\\/channel\\\/UCfKtfAELnlcIX2a2DEerRcA\"]}]}<\/script>\n<!-- \/ Yoast SEO plugin. -->","yoast_head_json":{"title":"Agenda - Marie Jeanne Swing, jazzy music band in Montpellier","description":"Discover our in our agenda, the concerts and dates of Marie Jeanne Swing performances. We would be delighted to see you there.","robots":{"index":"index","follow":"follow","max-snippet":"max-snippet:-1","max-image-preview":"max-image-preview:large","max-video-preview":"max-video-preview:-1"},"canonical":"https:\/\/mariejeanneswing.com\/en\/agenda-3\/","og_locale":"en_US","og_type":"article","og_title":"Agenda - Marie Jeanne Swing, jazzy music band in Montpellier","og_description":"Discover our in our agenda, the concerts and dates of Marie Jeanne Swing performances. We would be delighted to see you there.","og_url":"https:\/\/mariejeanneswing.com\/agenda-3\/","og_site_name":"Marie Jeanne Swing","article_publisher":"https:\/\/www.facebook.com\/Marie-Jeanne-Swing-285678438850973\/","article_modified_time":"2025-02-04T12:54:17+00:00","twitter_card":"summary_large_image","twitter_misc":{"Est. reading time":"1 minute"},"schema":{"@context":"https:\/\/schema.org","@graph":[{"@type":"WebPage","@id":"https:\/\/mariejeanneswing.com\/agenda-3\/","url":"https:\/\/mariejeanneswing.com\/agenda-3\/","name":"Agenda - Marie Jeanne Swing, jazzy music band in Montpellier","isPartOf":{"@id":"https:\/\/mariejeanneswing.com\/#website"},"datePublished":"2020-11-04T10:43:45+00:00","dateModified":"2025-02-04T12:54:17+00:00","description":"Discover our in our agenda, the concerts and dates of Marie Jeanne Swing performances. We would be delighted to see you there.","breadcrumb":{"@id":"https:\/\/mariejeanneswing.com\/agenda-3\/#breadcrumb"},"inLanguage":"en-US","potentialAction":[{"@type":"ReadAction","target":["https:\/\/mariejeanneswing.com\/agenda-3\/"]}]},{"@type":"BreadcrumbList","@id":"https:\/\/mariejeanneswing.com\/agenda-3\/#breadcrumb","itemListElement":[{"@type":"ListItem","position":1,"name":"Accueil","item":"https:\/\/mariejeanneswing.com\/en\/"},{"@type":"ListItem","position":2,"name":"Agenda"}]},{"@type":"WebSite","@id":"https:\/\/mariejeanneswing.com\/#website","url":"https:\/\/mariejeanneswing.com\/","name":"Marie Jeanne Swing","description":"Groupe de musique pour vos \u00e9v\u00e9nements professionnels et priv\u00e9s","publisher":{"@id":"https:\/\/mariejeanneswing.com\/#organization"},"potentialAction":[{"@type":"SearchAction","target":{"@type":"EntryPoint","urlTemplate":"https:\/\/mariejeanneswing.com\/?s={search_term_string}"},"query-input":{"@type":"PropertyValueSpecification","valueRequired":true,"valueName":"search_term_string"}}],"inLanguage":"en-US"},{"@type":"Organization","@id":"https:\/\/mariejeanneswing.com\/#organization","name":"Marie Jeanne Swing","url":"https:\/\/mariejeanneswing.com\/","logo":{"@type":"ImageObject","inLanguage":"en-US","@id":"https:\/\/mariejeanneswing.com\/#\/schema\/logo\/image\/","url":"https:\/\/mariejeanneswing.com\/wp-content\/uploads\/2020\/05\/logo-mariejeanneswing-carr\u00e9-mixte.png","contentUrl":"https:\/\/mariejeanneswing.com\/wp-content\/uploads\/2020\/05\/logo-mariejeanneswing-carr\u00e9-mixte.png","width":809,"height":685,"caption":"Marie Jeanne Swing"},"image":{"@id":"https:\/\/mariejeanneswing.com\/#\/schema\/logo\/image\/"},"sameAs":["https:\/\/www.facebook.com\/Marie-Jeanne-Swing-285678438850973\/","https:\/\/www.youtube.com\/channel\/UCfKtfAELnlcIX2a2DEerRcA"]}]}},"_links":{"self":[{"href":"https:\/\/mariejeanneswing.com\/en\/wp-json\/wp\/v2\/pages\/1573","targetHints":{"allow":["GET"]}}],"collection":[{"href":"https:\/\/mariejeanneswing.com\/en\/wp-json\/wp\/v2\/pages"}],"about":[{"href":"https:\/\/mariejeanneswing.com\/en\/wp-json\/wp\/v2\/types\/page"}],"author":[{"embeddable":true,"href":"https:\/\/mariejeanneswing.com\/en\/wp-json\/wp\/v2\/users\/1"}],"replies":[{"embeddable":true,"href":"https:\/\/mariejeanneswing.com\/en\/wp-json\/wp\/v2\/comments?post=1573"}],"version-history":[{"count":8,"href":"https:\/\/mariejeanneswing.com\/en\/wp-json\/wp\/v2\/pages\/1573\/revisions"}],"predecessor-version":[{"id":3978,"href":"https:\/\/mariejeanneswing.com\/en\/wp-json\/wp\/v2\/pages\/1573\/revisions\/3978"}],"wp:attachment":[{"href":"https:\/\/mariejeanneswing.com\/en\/wp-json\/wp\/v2\/media?parent=1573"}],"curies":[{"name":"wp","href":"https:\/\/api.w.org\/{rel}","templated":true}]}}